{"id":2139,"date":"2025-11-16T23:08:44","date_gmt":"2025-11-16T21:08:44","guid":{"rendered":"https:\/\/viljelusvoistlus.ee\/?page_id=2139"},"modified":"2025-11-16T23:12:52","modified_gmt":"2025-11-16T21:12:52","slug":"2023-2","status":"publish","type":"page","link":"https:\/\/www.viljelusvoistlus.ee\/en\/2023-2\/","title":{"rendered":"2023"},"content":{"rendered":"<h4>Viljelusv\u00f5istluse l\u00f5pukonverents toimus 22. novembril 2023 veebis ja Maaelu Teadmuskeskuses, Muru 3, J\u00f5geva alevik.<\/h4>\n<p>Korraldajad: Viljelusp\u00e4evad MT\u00dc ja Maaelu Teadmuskeskus<\/p>\n<p>&nbsp;<\/p>\n<p><strong>P\u00e4evakava<\/strong><\/p>\n<p>9.30\u201310:00\u00a0\u00a0 Kogunemine, tervituskohv<\/p>\n<p>10:00\u201310:10 <strong>Avas\u00f5nad korraldajatelt<\/strong> \u2013 Andre Veskioja (METK), Margus Ameerikas (Baltic Agro)<\/p>\n<p>10.10\u201310.20 <strong>\u00dclevaade Maaelu Teadmuskeskusest<\/strong> \u2013 Andre Veskioja<\/p>\n<p>10.20\u201310.50 <a href=\"http:\/\/viljelusvoistlus.ee\/wp-content\/uploads\/2023\/11\/Ulevaade-taimekasvatushooajast-2023-suunad-tulevikuks-Kristel-Maidre-REM.pdf\">\u00dclevaade taimekasvatushooajast 2023, suunad tulevikuks<\/a>\u00a0\u2013 Kristel Maidre (Regionaal\u2013 ja P\u00f5llumajandusministeerium)<\/p>\n<p>10.50\u201311.30 <a href=\"http:\/\/viljelusvoistlus.ee\/wp-content\/uploads\/2023\/11\/Taimetoitainete-tasakaal-2023-C-bilanss-\u2013-Alar-Astover-EMU.pdf\">Taimetoitainete tasakaal 2023, C bilanss<\/a>\u00a0\u2013 Alar Astover (EM\u00dc)<\/p>\n<p>11.30\u201311.50<strong> <a href=\"http:\/\/viljelusvoistlus.ee\/wp-content\/uploads\/2023\/11\/Viljelusvoistluse-poldude-tulukus-2023-\u2013-Raivo-Vettik.pdf\">Viljelusv\u00f5istluse p\u00f5ldude tulukus 2023<\/a><\/strong>\u00a0&#8211; Raivo Vettik<\/p>\n<p>11.50\u201312.20<strong><a href=\"http:\/\/viljelusvoistlus.ee\/wp-content\/uploads\/2023\/11\/Agrotehnika-ja-saagi-kvaliteet-miniviljelusvoistlus-2023-\u2013-Tiiu-Annuk-Kevili-Indrek-Keres-EMU.pdf\">Agrotehnika ja saagi kvaliteet, miniviljelusv\u00f5istlus 2023<\/a> \u2013 <\/strong>Tiiu Annuk (Kevili), Indrek Keres (EM\u00dc)<\/p>\n<p>12.20-12.40 <a href=\"http:\/\/viljelusvoistlus.ee\/wp-content\/uploads\/2023\/11\/Tappisviljeluse-lahenduste-kasutamine-viljelusvoistlustel-2023-\u2013-Marek-Peensalu-Wihuri-Agri.pdf\">T\u00e4ppisviljeluse lahenduste kasutamine viljelusv\u00f5istlustel 2023<\/a>\u00a0\u2013 Marek Peensalu (Wihuri Agri)<\/p>\n<p>12.40\u201313.30 L\u00f5una<\/p>\n<p>13.30\u201314.00 <a href=\"http:\/\/viljelusvoistlus.ee\/wp-content\/uploads\/2023\/11\/Viljelusvoistluse-saakide-kvaliteet-kiudained-\u2013-Eili-Rajapuu.pdf\">Viljelusv\u00f5istluse saakide kvaliteet, kiudained<\/a>\u00a0\u2013\u00a0 Eili Rajapuu<\/p>\n<p>14.00\u201314.30 <a href=\"http:\/\/viljelusvoistlus.ee\/wp-content\/uploads\/2023\/11\/Viljelusvoistlus-2023-tulemused-\u2013-Margus-Ameerikas-Baltic-Agro.pdf\">Viljelusv\u00f5istlus 2023 tulemused<\/a>\u00a0\u2013 Margus Ameerikas (Baltic Agro)<\/p>\n<p>14.30\u201314.45 <strong>Viljelusv\u00f5istluse osalejate autasustamine<\/strong><\/p>\n<p>14.45\u201315.30 <strong>Viljelusv\u00f5istluse osalejate s\u00f5nav\u00f5tud, \u00fclevaade kasutatud tehnoloogiatest<\/strong><\/p>\n<ul>\n<li><a href=\"http:\/\/viljelusvoistlus.ee\/wp-content\/uploads\/2023\/11\/Raps-Karel-Toss-Peri-PM-OU.pdf\">Raps &#8211; Karel Toss, (Peri PM O\u00dc)<\/a><\/li>\n<li><a href=\"http:\/\/viljelusvoistlus.ee\/wp-content\/uploads\/2023\/11\/Nisu-Karl-Gustav-Peterson-Koivu-Agro-OU.pdf\">Nisu &#8211; Karl-Gustav Peterson (K\u00f5ivu Agro O\u00dc)<\/a><\/li>\n<li><a href=\"http:\/\/viljelusvoistlus.ee\/wp-content\/uploads\/2023\/11\/Nisu-Erki-Plamus-FIE.pdf\">Nisu &#8211; Erki Plamus (FIE)<\/a><\/li>\n<li><a href=\"http:\/\/viljelusvoistlus.ee\/wp-content\/uploads\/2023\/11\/Rukis-ja-poldhernes-Ants-Endel-Sorra-Kamara-Antsu-talu.pdf\">Rukis ja p\u00f5ldhernes &#8211; Ants-Endel S\u00f5rra (Kamara Antsu talu)<\/a><\/li>\n<\/ul>\n<p>15.30\u201315.40 L\u00f5pus\u00f5nad, kokkuv\u00f5te<\/p>\n<p>&nbsp;<\/p>\n<p><strong>Vaata konverentsi salvestust\u00a0<a href=\"https:\/\/youtu.be\/OMjLJz8I4-A\">siit.<\/a><\/strong><\/p>\n<p>&nbsp;<\/p>\n<p>Konverents toimus MAK 2014\u20132020 meetme \u201eTeadmussiirde programm p\u00f5llumajanduse, toidu ja maamajanduse tegevusvaldkonnas\u201c<\/p>\n<p><img loading=\"lazy\" decoding=\"async\" class=\"alignnone wp-image-1231\" src=\"http:\/\/viljelusvoistlus.ee\/wp-content\/uploads\/2020\/11\/MAK-horisontaalne-300x142.jpg\" alt=\"\" width=\"199\" height=\"94\" srcset=\"https:\/\/viljelusvoistlus.ee\/wp-content\/uploads\/2020\/11\/MAK-horisontaalne-300x142.jpg 300w, https:\/\/viljelusvoistlus.ee\/wp-content\/uploads\/2020\/11\/MAK-horisontaalne-480x228.jpg 480w, https:\/\/viljelusvoistlus.ee\/wp-content\/uploads\/2020\/11\/MAK-horisontaalne-230x109.jpg 230w, https:\/\/viljelusvoistlus.ee\/wp-content\/uploads\/2020\/11\/MAK-horisontaalne-350x166.jpg 350w, https:\/\/viljelusvoistlus.ee\/wp-content\/uploads\/2020\/11\/MAK-horisontaalne.jpg 493w\" sizes=\"auto, (max-width: 199px) 100vw, 199px\" \/><\/p>\n<p>&nbsp;<\/p>\n<h4>Uudised viljelusv\u00f5istluse veebil 2023:<\/h4>\n<ul>\n<li><a href=\"https:\/\/viljelusvoistlus.ee\/2023\/04\/13\/viljelusvoistlus-2023-alustab-taas\/\">Viljelusv\u00f5istlus 2023 alustab taas!<\/a><\/li>\n<li><a href=\"https:\/\/viljelusvoistlus.ee\/2023\/11\/01\/22-november-toimub-viljelusvoistlus-2023-lopukonverents\/\">22. november toimub viljelusv\u00f5istlus 2023 l\u00f5pukonverents<\/a><\/li>\n<\/ul>","protected":false},"excerpt":{"rendered":"<p>Viljelusv\u00f5istluse l\u00f5pukonverents toimus 22. novembril 2023 veebis ja Maaelu Teadmuskeskuses, Muru 3, J\u00f5geva alevik. Korraldajad: Viljelusp\u00e4evad MT\u00dc ja Maaelu Teadmuskeskus &nbsp; P\u00e4evakava 9.30\u201310:00\u00a0\u00a0 Kogunemine, tervituskohv 10:00\u201310:10 Avas\u00f5nad korraldajatelt \u2013 Andre Veskioja (METK), Margus Ameerikas (Baltic Agro) 10.10\u201310.20 \u00dclevaade Maaelu Teadmuskeskusest \u2013 Andre Veskioja 10.20\u201310.50 \u00dclevaade taimekasvatushooajast 2023, suunad tulevikuks\u00a0\u2013 Kristel Maidre (Regionaal\u2013 ja P\u00f5llumajandusministeerium) 10.50\u201311.30 [&hellip;]<\/p>\n","protected":false},"author":9,"featured_media":0,"parent":0,"menu_order":0,"comment_status":"closed","ping_status":"closed","template":"","meta":{"two_page_speed":[],"footnotes":""},"class_list":["post-2139","page","type-page","status-publish","hentry"],"_links":{"self":[{"href":"https:\/\/www.viljelusvoistlus.ee\/en\/wp-json\/wp\/v2\/pages\/2139","targetHints":{"allow":["GET"]}}],"collection":[{"href":"https:\/\/www.viljelusvoistlus.ee\/en\/wp-json\/wp\/v2\/pages"}],"about":[{"href":"https:\/\/www.viljelusvoistlus.ee\/en\/wp-json\/wp\/v2\/types\/page"}],"author":[{"embeddable":true,"href":"https:\/\/www.viljelusvoistlus.ee\/en\/wp-json\/wp\/v2\/users\/9"}],"replies":[{"embeddable":true,"href":"https:\/\/www.viljelusvoistlus.ee\/en\/wp-json\/wp\/v2\/comments?post=2139"}],"version-history":[{"count":3,"href":"https:\/\/www.viljelusvoistlus.ee\/en\/wp-json\/wp\/v2\/pages\/2139\/revisions"}],"predecessor-version":[{"id":2143,"href":"https:\/\/www.viljelusvoistlus.ee\/en\/wp-json\/wp\/v2\/pages\/2139\/revisions\/2143"}],"wp:attachment":[{"href":"https:\/\/www.viljelusvoistlus.ee\/en\/wp-json\/wp\/v2\/media?parent=2139"}],"curies":[{"name":"wp","href":"https:\/\/api.w.org\/{rel}","templated":true}]}}