{"id":19,"date":"2016-05-24T15:49:11","date_gmt":"2016-05-24T12:49:11","guid":{"rendered":"http:\/\/viljelusvoistlus.ee\/?page_id=19"},"modified":"2016-05-27T11:59:16","modified_gmt":"2016-05-27T08:59:16","slug":"mujalmaailmas","status":"publish","type":"page","link":"https:\/\/www.viljelusvoistlus.ee\/en\/mujalmaailmas\/","title":{"rendered":"Elsewhere in the world"},"content":{"rendered":"<p>Soome samalaadne \u00fcritus\u00a0\u201cSato Kisa\u201d, mida seal korraldatakse juba aastast 1996, <span style=\"line-height: 1.5;\">on olnud meile heaks eeskujuks nii\u00a0nende iga-aastase v\u00f5istluse v\u00e4ga\u00a0mitmek\u00fclgse \u00fclesehituse, arvestusse minevate kultuuride kui ka osalejate ning tulemuste poolest. <\/span><\/p>\n<p><span style=\"line-height: 1.5;\">Soomekeelseid artikleid v\u00f5istlusest &#8220;Sato Kisa&#8221;:<\/span><\/p>\n<p>S\u00fcgis 2011 <a href=\"http:\/\/viljelusvoistlus.ee.klient.veebimajutus.ee\/wp-content\/uploads\/2016\/05\/satokisa2.pdf\" target=\"_blank\">\u00d6ljykasvit voittivat talouskilpailun (<em>Suurima kasumi saavutasid \u00f5likultuuride<\/em><em>\u00a0<\/em><em>kasvatajad<\/em>)<\/a><\/p>\n<p>S\u00fcgis 2011\u00a0<a href=\"http:\/\/viljelusvoistlus.ee.klient.veebimajutus.ee\/wp-content\/uploads\/2016\/05\/juurikaskisa.pdf\" target=\"_blank\">Sokerijuurikkaan viljelykilpailussa testattiin Soodalla natriumia peltoon\u00a0(Suhkrupeedi v\u00f5istuviljeluses katsetati naatriumkarbonaati)<\/a><\/p>\n<p>S\u00fcgis 2010\u00a0<a href=\"http:\/\/www.viljelusvoistlus.ee\/public\/files\/satokisa1.pdf\" target=\"_blank\">Kuminalla suurin suhteellinen sato\u00a0<em>(K\u00f6\u00f6mnetega saadi suurim saak<\/em>)<\/a><\/p>\n<p>Eesti eeskujul toimub aastast 2010 sarnane \u00fcritus ka L\u00e4tis nimetusega \u201cZelta lauks\u201c (kuldne p\u00f5ld) ja alates aastast 2013 organiseeritakse Inglismaal saagikuse v\u00f5istlust nimetusega YEN (Yield Enhancement Network). P\u00f5hja-Ameerikas toimub esimene saagikuse v\u00f5istlus 2016. aastal.<\/p>","protected":false},"excerpt":{"rendered":"<p>Soome samalaadne \u00fcritus\u00a0\u201cSato Kisa\u201d, mida seal korraldatakse juba aastast 1996, on olnud meile heaks eeskujuks nii\u00a0nende iga-aastase v\u00f5istluse v\u00e4ga\u00a0mitmek\u00fclgse \u00fclesehituse, arvestusse minevate kultuuride kui ka osalejate ning tulemuste poolest. Soomekeelseid artikleid v\u00f5istlusest &#8220;Sato Kisa&#8221;: S\u00fcgis 2011 \u00d6ljykasvit voittivat talouskilpailun (Suurima kasumi saavutasid \u00f5likultuuride\u00a0kasvatajad) S\u00fcgis 2011\u00a0Sokerijuurikkaan viljelykilpailussa testattiin Soodalla natriumia peltoon\u00a0(Suhkrupeedi v\u00f5istuviljeluses katsetati naatriumkarbonaati) S\u00fcgis 2010\u00a0Kuminalla [&hellip;]<\/p>\n","protected":false},"author":9,"featured_media":0,"parent":0,"menu_order":0,"comment_status":"closed","ping_status":"closed","template":"page-templates\/page_fullwidth.php","meta":{"two_page_speed":[],"footnotes":""},"class_list":["post-19","page","type-page","status-publish","hentry"],"_links":{"self":[{"href":"https:\/\/www.viljelusvoistlus.ee\/en\/wp-json\/wp\/v2\/pages\/19","targetHints":{"allow":["GET"]}}],"collection":[{"href":"https:\/\/www.viljelusvoistlus.ee\/en\/wp-json\/wp\/v2\/pages"}],"about":[{"href":"https:\/\/www.viljelusvoistlus.ee\/en\/wp-json\/wp\/v2\/types\/page"}],"author":[{"embeddable":true,"href":"https:\/\/www.viljelusvoistlus.ee\/en\/wp-json\/wp\/v2\/users\/9"}],"replies":[{"embeddable":true,"href":"https:\/\/www.viljelusvoistlus.ee\/en\/wp-json\/wp\/v2\/comments?post=19"}],"version-history":[{"count":5,"href":"https:\/\/www.viljelusvoistlus.ee\/en\/wp-json\/wp\/v2\/pages\/19\/revisions"}],"predecessor-version":[{"id":218,"href":"https:\/\/www.viljelusvoistlus.ee\/en\/wp-json\/wp\/v2\/pages\/19\/revisions\/218"}],"wp:attachment":[{"href":"https:\/\/www.viljelusvoistlus.ee\/en\/wp-json\/wp\/v2\/media?parent=19"}],"curies":[{"name":"wp","href":"https:\/\/api.w.org\/{rel}","templated":true}]}}