{"id":1881,"date":"2025-10-17T22:23:04","date_gmt":"2025-10-17T19:23:04","guid":{"rendered":"https:\/\/viljelusvoistlus.ee\/?page_id=1881"},"modified":"2025-11-16T23:38:00","modified_gmt":"2025-11-16T21:38:00","slug":"2024-2","status":"publish","type":"page","link":"https:\/\/www.viljelusvoistlus.ee\/en\/arhiiv\/2024-2\/","title":{"rendered":"2024"},"content":{"rendered":"<h4>Viljelusv\u00f5istluse l\u00f5pukonverents toimus 22. novembril 2024 P\u00f5ltsamaa lossis.<\/h4>\n<p>Korraldaja: Viljelusp\u00e4evad MT\u00dc ja Maaelu Teadmuskeskus<\/p>\n<p>9.30\u201310.00\u00a0\u00a0 Kogunemine, tervituskohv<br \/>\n10.00\u201310.15 <strong>Avas\u00f5nad korraldajatelt<\/strong> \u2013 Andre Veskioja (METK), Margus Ameerikas (Baltic Agro), Hindrek Riikoja (Maaleht)<br \/>\n10.10\u201310.15 <strong>Tervituss\u00f5nad P\u00f5ltsamaa lossi esindajalt<\/strong> \u2013 Egle Oja<br \/>\n10.15\u201310.45 <a href=\"https:\/\/viljelusvoistlus.ee\/wp-content\/uploads\/2025\/11\/Ulevaade-taimekasvatushooajast-2024-suunad-tulevikuks-\u2013-Kristel-Maidre-Regionaal\u2013-ja-Pollumajandusministeerium.pdf\">\u00dclevaade taimekasvatushooajast 2024, suunad tulevikuks <\/a>\u2013 Kristel Maidre (Regionaal\u2013 ja P\u00f5llumajandusministeerium)<br \/>\n10.45\u201311.15 <a href=\"https:\/\/viljelusvoistlus.ee\/wp-content\/uploads\/2025\/11\/Taimetoitainete-tasakaal-poldudel-2024-C-bilanss-\u2013-Alar-Astover-EMU.pdf\">Taimetoitainete tasakaal p\u00f5ldudel 2024, C bilanss <\/a>\u2013 Alar Astover (EM\u00dc)<br \/>\n11.15\u201312.00 <a href=\"https:\/\/viljelusvoistlus.ee\/wp-content\/uploads\/2025\/11\/Soome-viljelusvoistlus-SatoKisa-ja-kaera-voistlus-2024-tulemused-oppetunnid-\u2013-Annaleena-Ylhainen-EST.pdf\">Soome viljelusv\u00f5istlus SatoKisa ja kaera v\u00f5istlus 2024 tulemused, \u00f5ppetunnid (EST)<\/a> ja <a href=\"https:\/\/viljelusvoistlus.ee\/wp-content\/uploads\/2025\/11\/Soome-viljelusvoistlus-SatoKisa-ja-kaera-voistlus-2024-tulemused-oppetunnid-\u2013-Annaleena-YlhainenFIN.pdf\">(FIN)<\/a>\u2013 Annaleena Ylh\u00e4inen<br \/>\n12.00\u201312.30 <a href=\"https:\/\/viljelusvoistlus.ee\/wp-content\/uploads\/2025\/11\/Soome-parimate-kaerakasvatajate-ettekanne-Mida-tehti-parima-tulemuse-saamiseks-Kimmo-Polo-EST.pdf\">Soome parimate kaerakasvatajate ettekanne Mida tehti parima tulemuse saamiseks (EST)<\/a> ja <a href=\"https:\/\/viljelusvoistlus.ee\/wp-content\/uploads\/2025\/11\/Soome-parimate-kaerakasvatajate-ettekanne-Mida-tehti-parima-tulemuse-saamiseks-Kimmo-Polo-FIN.pdf\">(FIN)<\/a> \u2013 Kimmo Polo<strong><br \/>\n<\/strong>12.30\u201312.50 Kohvipaus<br \/>\n12.50\u201313.10 <a href=\"https:\/\/viljelusvoistlus.ee\/wp-content\/uploads\/2025\/11\/Viljelusvoistluse-saakide-kvaliteet-\u2013-Evelin-Loit-EMU-Eili-Rajapuu.pdf\">Viljelusv\u00f5istluse saakide kvaliteet<\/a>\u00a0\u2013 Evelin Loit (EM\u00dc), Eili Rajapuu<br \/>\n13.10\u201313.30 <a href=\"https:\/\/viljelusvoistlus.ee\/wp-content\/uploads\/2025\/11\/Viljelusvoistluse-poldude-tulukus-2024-\u2013-Raivo-Vettik-METK.pdf\">Viljelusv\u00f5istluse p\u00f5ldude tulukus 2024<\/a>\u00a0\u2013 Raivo Vettik (METK)<br \/>\n13.30-14.00 <a href=\"https:\/\/viljelusvoistlus.ee\/wp-content\/uploads\/2025\/11\/Agrotehnika-ja-saagi-kvaliteet-\u2013-Tiiu-Annuk-Kevili-Indrek-Keres-EMU.pdf\">Agrotehnika ja saagi kvaliteet<\/a>\u00a0\u2013 Tiiu Annuk (Kevili), Indrek Keres (EM\u00dc)<br \/>\n14.00\u201314.30 <a href=\"https:\/\/viljelusvoistlus.ee\/wp-content\/uploads\/2025\/11\/Viljelusvoistlus-2024-tulemused-\u2013-Margus-Ameerikas-Baltic-Agro.pdf\">Viljelusv\u00f5istlus 2024 tulemused<\/a>\u00a0\u2013 Margus Ameerikas (Baltic Agro)<br \/>\n14.30\u201314.45 <strong>Viljelusv\u00f5istluse osalejate autasustamine<br \/>\n<\/strong>14.45\u201315.30 <strong>Viljelusv\u00f5istluse osalejate s\u00f5nav\u00f5tud, \u00fclevaade kasutatud tehnoloogiatest<\/strong> \u2013 talinisu, taliraps, oder, kaer ja p\u00f5ldhernes esindajad<\/p>\n<ul>\n<li><a href=\"https:\/\/viljelusvoistlus.ee\/wp-content\/uploads\/2025\/11\/Viljelusvoistluse-osalejate-sonavotud-ulevaade-kasutatud-tehnoloogiatest-talinisu-ja-suvioder-Erki-Plamus.pdf\">talinisu ja suvioder, Erki Plamus<\/a><\/li>\n<li><a href=\"https:\/\/viljelusvoistlus.ee\/wp-content\/uploads\/2025\/11\/Viljelusvoistluse-osalejate-sonavotud-ulevaade-kasutatud-tehnoloogiatest-taliraps-Andre-Randoja.pdf\">taliraps, Andre Randoja<\/a><\/li>\n<li><a href=\"https:\/\/viljelusvoistlus.ee\/wp-content\/uploads\/2025\/11\/Viljelusvoistluse-osalejate-sonavotud-ulevaade-kasutatud-tehnoloogiatest-talioder-Hanna-Stiina-Pettai.pdf\">talioder, Hanna-Stiina Pettai<\/a><\/li>\n<li><a href=\"https:\/\/viljelusvoistlus.ee\/wp-content\/uploads\/2025\/11\/Viljelusvoistluse-osalejate-sonavotud-ulevaade-kasutatud-tehnoloogiatest-kaer-Erki-Oidermaa.pdf\">kaer, Erki Oidermaa<\/a><\/li>\n<li><a href=\"https:\/\/viljelusvoistlus.ee\/wp-content\/uploads\/2025\/11\/Viljelusvoistluse-osalejate-sonavotud-ulevaade-kasutatud-tehnoloogiatest-poldherner-Kaido-Kirst.pdf\">p\u00f5ldhernes, Kaido Kirst<\/a><\/li>\n<\/ul>\n<p>15.30\u201315.40 <strong>L\u00f5pus\u00f5nad, kokkuv\u00f5te<br \/>\n<\/strong>15.40\u2013 Pidulik \u00f5htus\u00f6\u00f6k<\/p>\n<p>Konverents l\u00e4ks arvesse Keskkonnas\u00f5braliku majandamise (KSM) toetuse kohustusliku koolitusena.<\/p>\n<p>Konverents toimus \u201eTeadmussiirde pikaajaline programm p\u00f5llumajanduse, toidu ja maamajanduse tegevusvaldkonnas\u201c raames.<\/p>\n<p><img loading=\"lazy\" decoding=\"async\" class=\"alignnone wp-image-1650\" src=\"http:\/\/viljelusvoistlus.ee\/wp-content\/uploads\/2024\/05\/Viljelusvoistlus_logo_2024_kaer-242x300.jpg\" alt=\"\" width=\"100\" height=\"124\" srcset=\"https:\/\/viljelusvoistlus.ee\/wp-content\/uploads\/2024\/05\/Viljelusvoistlus_logo_2024_kaer-242x300.jpg 242w, https:\/\/viljelusvoistlus.ee\/wp-content\/uploads\/2024\/05\/Viljelusvoistlus_logo_2024_kaer-827x1024.jpg 827w, https:\/\/viljelusvoistlus.ee\/wp-content\/uploads\/2024\/05\/Viljelusvoistlus_logo_2024_kaer-768x951.jpg 768w, https:\/\/viljelusvoistlus.ee\/wp-content\/uploads\/2024\/05\/Viljelusvoistlus_logo_2024_kaer-480x594.jpg 480w, https:\/\/viljelusvoistlus.ee\/wp-content\/uploads\/2024\/05\/Viljelusvoistlus_logo_2024_kaer-830x1027.jpg 830w, https:\/\/viljelusvoistlus.ee\/wp-content\/uploads\/2024\/05\/Viljelusvoistlus_logo_2024_kaer-230x285.jpg 230w, https:\/\/viljelusvoistlus.ee\/wp-content\/uploads\/2024\/05\/Viljelusvoistlus_logo_2024_kaer-350x433.jpg 350w, https:\/\/viljelusvoistlus.ee\/wp-content\/uploads\/2024\/05\/Viljelusvoistlus_logo_2024_kaer.jpg 1240w\" sizes=\"auto, (max-width: 100px) 100vw, 100px\" \/> \u00a0<img loading=\"lazy\" decoding=\"async\" class=\"alignnone wp-image-1717\" src=\"http:\/\/viljelusvoistlus.ee\/wp-content\/uploads\/2024\/11\/METK_EE_VERT_MUST-300x206.png\" alt=\"\" width=\"150\" height=\"103\" srcset=\"https:\/\/viljelusvoistlus.ee\/wp-content\/uploads\/2024\/11\/METK_EE_VERT_MUST-300x206.png 300w, https:\/\/viljelusvoistlus.ee\/wp-content\/uploads\/2024\/11\/METK_EE_VERT_MUST-1024x704.png 1024w, https:\/\/viljelusvoistlus.ee\/wp-content\/uploads\/2024\/11\/METK_EE_VERT_MUST-768x528.png 768w, https:\/\/viljelusvoistlus.ee\/wp-content\/uploads\/2024\/11\/METK_EE_VERT_MUST-1536x1057.png 1536w, https:\/\/viljelusvoistlus.ee\/wp-content\/uploads\/2024\/11\/METK_EE_VERT_MUST-480x330.png 480w, https:\/\/viljelusvoistlus.ee\/wp-content\/uploads\/2024\/11\/METK_EE_VERT_MUST-830x571.png 830w, https:\/\/viljelusvoistlus.ee\/wp-content\/uploads\/2024\/11\/METK_EE_VERT_MUST-230x158.png 230w, https:\/\/viljelusvoistlus.ee\/wp-content\/uploads\/2024\/11\/METK_EE_VERT_MUST-350x241.png 350w, https:\/\/viljelusvoistlus.ee\/wp-content\/uploads\/2024\/11\/METK_EE_VERT_MUST.png 1541w\" sizes=\"auto, (max-width: 150px) 100vw, 150px\" \/> <img loading=\"lazy\" decoding=\"async\" class=\"alignnone wp-image-1231\" src=\"http:\/\/viljelusvoistlus.ee\/wp-content\/uploads\/2020\/11\/MAK-horisontaalne-300x142.jpg\" alt=\"\" width=\"200\" height=\"95\" srcset=\"https:\/\/viljelusvoistlus.ee\/wp-content\/uploads\/2020\/11\/MAK-horisontaalne-300x142.jpg 300w, https:\/\/viljelusvoistlus.ee\/wp-content\/uploads\/2020\/11\/MAK-horisontaalne-480x228.jpg 480w, https:\/\/viljelusvoistlus.ee\/wp-content\/uploads\/2020\/11\/MAK-horisontaalne-230x109.jpg 230w, https:\/\/viljelusvoistlus.ee\/wp-content\/uploads\/2020\/11\/MAK-horisontaalne-350x166.jpg 350w, https:\/\/viljelusvoistlus.ee\/wp-content\/uploads\/2020\/11\/MAK-horisontaalne.jpg 493w\" sizes=\"auto, (max-width: 200px) 100vw, 200px\" \/><\/p>\n<p>&nbsp;<\/p>\n<h4>Uudised viljelusv\u00f5istluse veebil 2024:<\/h4>\n<ul>\n<li><a href=\"https:\/\/viljelusvoistlus.ee\/2024\/05\/07\/viljelusvoistlus-2024-ootab-registreeruma\/\">Viljelusv\u00f5istlus 2024 ootab registreeruma<\/a><\/li>\n<li><a href=\"https:\/\/viljelusvoistlus.ee\/2024\/09\/09\/viljelusvoistlusel-osalevad-pollud-talirups-talirukis-polduba-ja-hubriidnisu\/\">Viljelusv\u00f5istlusel osalevad p\u00f5llud \u2013 talir\u00fcps, talirukis, p\u00f5lduba ja h\u00fcbriidnisu<\/a><\/li>\n<li><a href=\"https:\/\/viljelusvoistlus.ee\/2024\/09\/10\/voistluspollud-2024-suvioder\/\">V\u00f5istlusp\u00f5llud 2024 \u2013 suvioder<\/a><\/li>\n<li><a href=\"https:\/\/viljelusvoistlus.ee\/2024\/09\/10\/voistluspollud-2024-kaer\/\">V\u00f5istlusp\u00f5llud 2024 \u2013 kaer<\/a><\/li>\n<li><a href=\"https:\/\/viljelusvoistlus.ee\/2024\/11\/01\/viljelusvoistlus-2024-lopukonverents-20-aastat-viljelusvoistlust\/\">Viljelusv\u00f5istlus 2024 l\u00f5pukonverents \u2013 20 aastat viljelusv\u00f5istlust.<\/a><\/li>\n<\/ul>\n<p><strong>Vaata Viljelusv\u00f5istlus 2024. a bro\u0161\u00fc\u00fcri:<\/strong>\u00a0<a href=\"https:\/\/viljelusvoistlus.ee\/wp-content\/uploads\/2025\/10\/VV-20-tr_kis_viimane.pdf\">Viljelusv\u00f5istluse tr\u00fckis 20 aastat viljelusv\u00f5istlust<\/a><\/p>","protected":false},"excerpt":{"rendered":"<p>Viljelusv\u00f5istluse l\u00f5pukonverents toimus 22. novembril 2024 P\u00f5ltsamaa lossis. Korraldaja: Viljelusp\u00e4evad MT\u00dc ja Maaelu Teadmuskeskus 9.30\u201310.00\u00a0\u00a0 Kogunemine, tervituskohv 10.00\u201310.15 Avas\u00f5nad korraldajatelt \u2013 Andre Veskioja (METK), Margus Ameerikas (Baltic Agro), Hindrek Riikoja (Maaleht) 10.10\u201310.15 Tervituss\u00f5nad P\u00f5ltsamaa lossi esindajalt \u2013 Egle Oja 10.15\u201310.45 \u00dclevaade taimekasvatushooajast 2024, suunad tulevikuks \u2013 Kristel Maidre (Regionaal\u2013 ja P\u00f5llumajandusministeerium) 10.45\u201311.15 Taimetoitainete tasakaal p\u00f5ldudel [&hellip;]<\/p>\n","protected":false},"author":9,"featured_media":0,"parent":35,"menu_order":0,"comment_status":"closed","ping_status":"closed","template":"page-templates\/page_fullwidth.php","meta":{"two_page_speed":[],"footnotes":""},"class_list":["post-1881","page","type-page","status-publish","hentry"],"_links":{"self":[{"href":"https:\/\/www.viljelusvoistlus.ee\/en\/wp-json\/wp\/v2\/pages\/1881","targetHints":{"allow":["GET"]}}],"collection":[{"href":"https:\/\/www.viljelusvoistlus.ee\/en\/wp-json\/wp\/v2\/pages"}],"about":[{"href":"https:\/\/www.viljelusvoistlus.ee\/en\/wp-json\/wp\/v2\/types\/page"}],"author":[{"embeddable":true,"href":"https:\/\/www.viljelusvoistlus.ee\/en\/wp-json\/wp\/v2\/users\/9"}],"replies":[{"embeddable":true,"href":"https:\/\/www.viljelusvoistlus.ee\/en\/wp-json\/wp\/v2\/comments?post=1881"}],"version-history":[{"count":5,"href":"https:\/\/www.viljelusvoistlus.ee\/en\/wp-json\/wp\/v2\/pages\/1881\/revisions"}],"predecessor-version":[{"id":2164,"href":"https:\/\/www.viljelusvoistlus.ee\/en\/wp-json\/wp\/v2\/pages\/1881\/revisions\/2164"}],"up":[{"embeddable":true,"href":"https:\/\/www.viljelusvoistlus.ee\/en\/wp-json\/wp\/v2\/pages\/35"}],"wp:attachment":[{"href":"https:\/\/www.viljelusvoistlus.ee\/en\/wp-json\/wp\/v2\/media?parent=1881"}],"curies":[{"name":"wp","href":"https:\/\/api.w.org\/{rel}","templated":true}]}}